{"id":2444,"date":"2020-09-05T14:05:01","date_gmt":"2020-09-05T12:05:01","guid":{"rendered":"http:\/\/www.csopacaest.fr\/?page_id=2444"},"modified":"2020-10-01T10:36:15","modified_gmt":"2020-10-01T08:36:15","slug":"charte-du-ceron","status":"publish","type":"page","link":"https:\/\/www.csopacaest.fr\/?page_id=2444","title":{"rendered":"Charte du CERON"},"content":{"rendered":"\t\t<div data-elementor-type=\"wp-page\" data-elementor-id=\"2444\" class=\"elementor elementor-2444\" data-elementor-post-type=\"page\">\n\t\t\t\t\t\t<section class=\"elementor-section elementor-top-section elementor-element elementor-element-5819f2d7 elementor-section-boxed elementor-section-height-default elementor-section-height-default\" data-id=\"5819f2d7\" data-element_type=\"section\" data-e-type=\"section\" data-settings=\"{&quot;background_background&quot;:&quot;classic&quot;,&quot;shape_divider_bottom&quot;:&quot;mountains&quot;,&quot;background_motion_fx_motion_fx_scrolling&quot;:&quot;yes&quot;,&quot;background_motion_fx_translateY_effect&quot;:&quot;yes&quot;,&quot;background_motion_fx_translateX_effect&quot;:&quot;yes&quot;,&quot;background_motion_fx_opacity_effect&quot;:&quot;yes&quot;,&quot;background_motion_fx_translateY_speed&quot;:{&quot;unit&quot;:&quot;px&quot;,&quot;size&quot;:4,&quot;sizes&quot;:[]},&quot;background_motion_fx_translateY_affectedRange&quot;:{&quot;unit&quot;:&quot;%&quot;,&quot;size&quot;:&quot;&quot;,&quot;sizes&quot;:{&quot;start&quot;:0,&quot;end&quot;:100}},&quot;background_motion_fx_translateX_speed&quot;:{&quot;unit&quot;:&quot;px&quot;,&quot;size&quot;:4,&quot;sizes&quot;:[]},&quot;background_motion_fx_translateX_affectedRange&quot;:{&quot;unit&quot;:&quot;%&quot;,&quot;size&quot;:&quot;&quot;,&quot;sizes&quot;:{&quot;start&quot;:0,&quot;end&quot;:100}},&quot;background_motion_fx_opacity_direction&quot;:&quot;out-in&quot;,&quot;background_motion_fx_opacity_level&quot;:{&quot;unit&quot;:&quot;px&quot;,&quot;size&quot;:10,&quot;sizes&quot;:[]},&quot;background_motion_fx_opacity_range&quot;:{&quot;unit&quot;:&quot;%&quot;,&quot;size&quot;:&quot;&quot;,&quot;sizes&quot;:{&quot;start&quot;:20,&quot;end&quot;:80}},&quot;background_motion_fx_devices&quot;:[&quot;desktop&quot;,&quot;tablet&quot;,&quot;mobile&quot;]}\">\n\t\t\t\t\t\t\t<div class=\"elementor-background-overlay\"><\/div>\n\t\t\t\t\t\t<div class=\"elementor-shape elementor-shape-bottom\" aria-hidden=\"true\" data-negative=\"false\">\n\t\t\t<svg xmlns=\"http:\/\/www.w3.org\/2000\/svg\" viewBox=\"0 0 1000 100\" preserveAspectRatio=\"none\">\n\t<path class=\"elementor-shape-fill\" opacity=\"0.33\" d=\"M473,67.3c-203.9,88.3-263.1-34-320.3,0C66,119.1,0,59.7,0,59.7V0h1000v59.7 c0,0-62.1,26.1-94.9,29.3c-32.8,3.3-62.8-12.3-75.8-22.1C806,49.6,745.3,8.7,694.9,4.7S492.4,59,473,67.3z\"\/>\n\t<path class=\"elementor-shape-fill\" opacity=\"0.66\" d=\"M734,67.3c-45.5,0-77.2-23.2-129.1-39.1c-28.6-8.7-150.3-10.1-254,39.1 s-91.7-34.4-149.2,0C115.7,118.3,0,39.8,0,39.8V0h1000v36.5c0,0-28.2-18.5-92.1-18.5C810.2,18.1,775.7,67.3,734,67.3z\"\/>\n\t<path class=\"elementor-shape-fill\" d=\"M766.1,28.9c-200-57.5-266,65.5-395.1,19.5C242,1.8,242,5.4,184.8,20.6C128,35.8,132.3,44.9,89.9,52.5C28.6,63.7,0,0,0,0 h1000c0,0-9.9,40.9-83.6,48.1S829.6,47,766.1,28.9z\"\/>\n<\/svg>\t\t<\/div>\n\t\t\t\t\t<div class=\"elementor-container elementor-column-gap-wider\">\n\t\t\t\t\t<div class=\"elementor-column elementor-col-100 elementor-top-column elementor-element elementor-element-1fbaf7c1\" data-id=\"1fbaf7c1\" data-element_type=\"column\" data-e-type=\"column\">\n\t\t\t<div class=\"elementor-widget-wrap elementor-element-populated\">\n\t\t\t\t\t\t<div class=\"elementor-element elementor-element-1a4ecd11 elementor-widget elementor-widget-heading\" data-id=\"1a4ecd11\" data-element_type=\"widget\" data-e-type=\"widget\" data-widget_type=\"heading.default\">\n\t\t\t\t<div class=\"elementor-widget-container\">\n\t\t\t\t\t<h2 class=\"elementor-heading-title elementor-size-default\">La charte du CERON<\/h2>\t\t\t\t<\/div>\n\t\t\t\t<\/div>\n\t\t\t\t<div class=\"elementor-element elementor-element-fc0426d elementor-nav-menu--dropdown-tablet elementor-nav-menu__text-align-aside elementor-nav-menu--toggle elementor-nav-menu--burger elementor-widget elementor-widget-nav-menu\" data-id=\"fc0426d\" data-element_type=\"widget\" data-e-type=\"widget\" data-settings=\"{&quot;layout&quot;:&quot;horizontal&quot;,&quot;submenu_icon&quot;:{&quot;value&quot;:&quot;&lt;i class=\\&quot;fas fa-caret-down\\&quot;&gt;&lt;\\\/i&gt;&quot;,&quot;library&quot;:&quot;fa-solid&quot;},&quot;toggle&quot;:&quot;burger&quot;}\" data-widget_type=\"nav-menu.default\">\n\t\t\t\t<div class=\"elementor-widget-container\">\n\t\t\t\t\t\t\t\t<nav aria-label=\"Menu\" class=\"elementor-nav-menu--main elementor-nav-menu__container elementor-nav-menu--layout-horizontal e--pointer-underline e--animation-fade\">\n\t\t\t\t<ul id=\"menu-1-fc0426d\" class=\"elementor-nav-menu\"><li class=\"menu-item menu-item-type-custom menu-item-object-custom menu-item-has-children menu-item-2415\"><a href=\"#\" class=\"elementor-item elementor-item-anchor\">CSO<\/a>\n<ul class=\"sub-menu elementor-nav-menu--dropdown\">\n\t<li class=\"menu-item menu-item-type-post_type menu-item-object-page menu-item-2422\"><a href=\"https:\/\/www.csopacaest.fr\/?page_id=2322\" class=\"elementor-sub-item\">Parcours de soins<\/a><\/li>\n\t<li class=\"menu-item menu-item-type-post_type menu-item-object-page menu-item-2420\"><a href=\"https:\/\/www.csopacaest.fr\/?page_id=2403\" class=\"elementor-sub-item\">Les r\u00e9unions de concertation Pluridisciplinaires<\/a><\/li>\n\t<li class=\"menu-item menu-item-type-post_type menu-item-object-page menu-item-2419\"><a href=\"https:\/\/www.csopacaest.fr\/?page_id=2405\" class=\"elementor-sub-item\">Dossier Ob\u00e9sit\u00e9 Partag\u00e9 Par Internet (DOPPI)<\/a><\/li>\n\t<li class=\"menu-item menu-item-type-post_type menu-item-object-page menu-item-2418\"><a href=\"https:\/\/www.csopacaest.fr\/?page_id=2407\" class=\"elementor-sub-item\">Formations<\/a><\/li>\n\t<li class=\"menu-item menu-item-type-post_type menu-item-object-page menu-item-2421\"><a href=\"https:\/\/www.csopacaest.fr\/?page_id=2401\" class=\"elementor-sub-item\">Transport bariatrique<\/a><\/li>\n\t<li class=\"menu-item menu-item-type-post_type menu-item-object-page menu-item-2417\"><a href=\"https:\/\/www.csopacaest.fr\/?page_id=2409\" class=\"elementor-sub-item\">Journ\u00e9e des CSO PACA \/ CERON-PACA<\/a><\/li>\n\t<li class=\"menu-item menu-item-type-post_type menu-item-object-page menu-item-2416\"><a href=\"https:\/\/www.csopacaest.fr\/?page_id=2411\" class=\"elementor-sub-item\">Perspectives et Suggestions<\/a><\/li>\n<\/ul>\n<\/li>\n<li class=\"menu-item menu-item-type-custom menu-item-object-custom menu-item-has-children menu-item-2456\"><a href=\"#\" class=\"elementor-item elementor-item-anchor\">Adh\u00e9sion<\/a>\n<ul class=\"sub-menu elementor-nav-menu--dropdown\">\n\t<li class=\"menu-item menu-item-type-post_type menu-item-object-page menu-item-2460\"><a href=\"https:\/\/www.csopacaest.fr\/?page_id=2444\" class=\"elementor-sub-item\">Charte du CERON<\/a><\/li>\n\t<li class=\"menu-item menu-item-type-post_type menu-item-object-page menu-item-2459\"><a href=\"https:\/\/www.csopacaest.fr\/?page_id=2447\" class=\"elementor-sub-item\">Adh\u00e9sion des patients<\/a><\/li>\n\t<li class=\"menu-item menu-item-type-post_type menu-item-object-page menu-item-2458\"><a href=\"https:\/\/www.csopacaest.fr\/?page_id=2450\" class=\"elementor-sub-item\">Adh\u00e9sion des professionnels<\/a><\/li>\n\t<li class=\"menu-item menu-item-type-post_type menu-item-object-page menu-item-2457\"><a href=\"https:\/\/www.csopacaest.fr\/?page_id=2453\" class=\"elementor-sub-item\">Adh\u00e9sion des institutions<\/a><\/li>\n\t<li class=\"menu-item menu-item-type-post_type menu-item-object-page menu-item-2461\"><a href=\"https:\/\/www.csopacaest.fr\/?page_id=2411\" class=\"elementor-sub-item\">Perspectives et Suggestions<\/a><\/li>\n<\/ul>\n<\/li>\n<li class=\"menu-item menu-item-type-custom menu-item-object-custom menu-item-has-children menu-item-2474\"><a href=\"#\" class=\"elementor-item elementor-item-anchor\">Documents<\/a>\n<ul class=\"sub-menu elementor-nav-menu--dropdown\">\n\t<li class=\"menu-item menu-item-type-post_type menu-item-object-page menu-item-2478\"><a href=\"https:\/\/www.csopacaest.fr\/?page_id=2462\" class=\"elementor-sub-item\">Recommandations HAS sur les Co-Morbidit\u00e9s de l\u2019ob\u00e9sit\u00e9<\/a><\/li>\n\t<li class=\"menu-item menu-item-type-post_type menu-item-object-page menu-item-2477\"><a href=\"https:\/\/www.csopacaest.fr\/?page_id=2465\" class=\"elementor-sub-item\">Autres recommandations<\/a><\/li>\n\t<li class=\"menu-item menu-item-type-post_type menu-item-object-page menu-item-2476\"><a href=\"https:\/\/www.csopacaest.fr\/?page_id=2468\" class=\"elementor-sub-item\">Recommandations et textes concernant l\u2019Education Th\u00e9rapeutique<\/a><\/li>\n\t<li class=\"menu-item menu-item-type-post_type menu-item-object-page menu-item-2475\"><a href=\"https:\/\/www.csopacaest.fr\/?page_id=2471\" class=\"elementor-sub-item\">Recommandations HAS sur l\u2019ob\u00e9sit\u00e9<\/a><\/li>\n<\/ul>\n<\/li>\n<li class=\"menu-item menu-item-type-custom menu-item-object-custom menu-item-has-children menu-item-2495\"><a href=\"#\" class=\"elementor-item elementor-item-anchor\">Documents-outils\/<\/br>Ob\u00e9sit\u00e9 adulte<\/a>\n<ul class=\"sub-menu elementor-nav-menu--dropdown\">\n\t<li class=\"menu-item menu-item-type-post_type menu-item-object-page menu-item-2500\"><a href=\"https:\/\/www.csopacaest.fr\/?page_id=2479\" class=\"elementor-sub-item\">Ob\u00e9sit\u00e9 de l\u2019adulte<\/a><\/li>\n\t<li class=\"menu-item menu-item-type-post_type menu-item-object-page menu-item-2499\"><a href=\"https:\/\/www.csopacaest.fr\/?page_id=2482\" class=\"elementor-sub-item\">Commorbidit\u00e9s<\/a><\/li>\n\t<li class=\"menu-item menu-item-type-post_type menu-item-object-page menu-item-2498\"><a href=\"https:\/\/www.csopacaest.fr\/?page_id=2485\" class=\"elementor-sub-item\">Chirurgie bariatrique<\/a><\/li>\n\t<li class=\"menu-item menu-item-type-post_type menu-item-object-page menu-item-3890\"><a href=\"https:\/\/www.csopacaest.fr\/?page_id=3887\" class=\"elementor-sub-item\">Ob\u00e9sit\u00e9s syndromiques<\/a><\/li>\n\t<li class=\"menu-item menu-item-type-post_type menu-item-object-page menu-item-3899\"><a href=\"https:\/\/www.csopacaest.fr\/?page_id=3895\" class=\"elementor-sub-item\">ETP<\/a><\/li>\n\t<li class=\"menu-item menu-item-type-post_type menu-item-object-page menu-item-3904\"><a href=\"https:\/\/www.csopacaest.fr\/?page_id=3901\" class=\"elementor-sub-item\">Autres documents<\/a><\/li>\n<\/ul>\n<\/li>\n<li class=\"menu-item menu-item-type-custom menu-item-object-custom menu-item-has-children menu-item-2519\"><a href=\"#\" class=\"elementor-item elementor-item-anchor\">Documents-outils\/<\/br>Surpoids p\u00e9diatrique<\/a>\n<ul class=\"sub-menu elementor-nav-menu--dropdown\">\n\t<li class=\"menu-item menu-item-type-post_type menu-item-object-page menu-item-2522\"><a href=\"https:\/\/www.csopacaest.fr\/?page_id=2508\" class=\"elementor-sub-item\">Surpoids de l\u2019enfant\/adolescent<\/a><\/li>\n\t<li class=\"menu-item menu-item-type-post_type menu-item-object-page menu-item-2521\"><a href=\"https:\/\/www.csopacaest.fr\/?page_id=2513\" class=\"elementor-sub-item\">Commorbidit\u00e9s<\/a><\/li>\n\t<li class=\"menu-item menu-item-type-post_type menu-item-object-page menu-item-2524\"><a href=\"https:\/\/www.csopacaest.fr\/?page_id=2489\" class=\"elementor-sub-item\">Ob\u00e9sit\u00e9s syndromiques<\/a><\/li>\n\t<li class=\"menu-item menu-item-type-post_type menu-item-object-page menu-item-2520\"><a href=\"https:\/\/www.csopacaest.fr\/?page_id=2516\" class=\"elementor-sub-item\">ETP<\/a><\/li>\n\t<li class=\"menu-item menu-item-type-post_type menu-item-object-page menu-item-2523\"><a href=\"https:\/\/www.csopacaest.fr\/?page_id=2501\" class=\"elementor-sub-item\">Autres documents enfant et adolescent<\/a><\/li>\n<\/ul>\n<\/li>\n<li class=\"menu-item menu-item-type-custom menu-item-object-custom menu-item-has-children menu-item-2525\"><a href=\"#\" class=\"elementor-item elementor-item-anchor\">Liens utiles<\/a>\n<ul class=\"sub-menu elementor-nav-menu--dropdown\">\n\t<li class=\"menu-item menu-item-type-post_type menu-item-object-page menu-item-3742\"><a href=\"https:\/\/www.csopacaest.fr\/?page_id=3730\" class=\"elementor-sub-item\">Sites utiles<\/a><\/li>\n\t<li class=\"menu-item menu-item-type-post_type menu-item-object-page menu-item-2533\"><a href=\"https:\/\/www.csopacaest.fr\/?page_id=2531\" class=\"elementor-sub-item\">Sites des CSO<\/a><\/li>\n\t<li class=\"menu-item menu-item-type-post_type menu-item-object-page menu-item-2535\"><a href=\"https:\/\/www.csopacaest.fr\/?page_id=2352\" class=\"elementor-sub-item\">Associations de patients<\/a><\/li>\n<\/ul>\n<\/li>\n<\/ul>\t\t\t<\/nav>\n\t\t\t\t\t<div class=\"elementor-menu-toggle\" role=\"button\" tabindex=\"0\" aria-label=\"Menu Toggle\" aria-expanded=\"false\">\n\t\t\t<i aria-hidden=\"true\" role=\"presentation\" class=\"elementor-menu-toggle__icon--open eicon-menu-bar\"><\/i><i aria-hidden=\"true\" role=\"presentation\" class=\"elementor-menu-toggle__icon--close eicon-close\"><\/i>\t\t<\/div>\n\t\t\t\t\t<nav class=\"elementor-nav-menu--dropdown elementor-nav-menu__container\" aria-hidden=\"true\">\n\t\t\t\t<ul id=\"menu-2-fc0426d\" class=\"elementor-nav-menu\"><li class=\"menu-item menu-item-type-custom menu-item-object-custom menu-item-has-children menu-item-2415\"><a href=\"#\" class=\"elementor-item elementor-item-anchor\" tabindex=\"-1\">CSO<\/a>\n<ul class=\"sub-menu elementor-nav-menu--dropdown\">\n\t<li class=\"menu-item menu-item-type-post_type menu-item-object-page menu-item-2422\"><a href=\"https:\/\/www.csopacaest.fr\/?page_id=2322\" class=\"elementor-sub-item\" tabindex=\"-1\">Parcours de soins<\/a><\/li>\n\t<li class=\"menu-item menu-item-type-post_type menu-item-object-page menu-item-2420\"><a href=\"https:\/\/www.csopacaest.fr\/?page_id=2403\" class=\"elementor-sub-item\" tabindex=\"-1\">Les r\u00e9unions de concertation Pluridisciplinaires<\/a><\/li>\n\t<li class=\"menu-item menu-item-type-post_type menu-item-object-page menu-item-2419\"><a href=\"https:\/\/www.csopacaest.fr\/?page_id=2405\" class=\"elementor-sub-item\" tabindex=\"-1\">Dossier Ob\u00e9sit\u00e9 Partag\u00e9 Par Internet (DOPPI)<\/a><\/li>\n\t<li class=\"menu-item menu-item-type-post_type menu-item-object-page menu-item-2418\"><a href=\"https:\/\/www.csopacaest.fr\/?page_id=2407\" class=\"elementor-sub-item\" tabindex=\"-1\">Formations<\/a><\/li>\n\t<li class=\"menu-item menu-item-type-post_type menu-item-object-page menu-item-2421\"><a href=\"https:\/\/www.csopacaest.fr\/?page_id=2401\" class=\"elementor-sub-item\" tabindex=\"-1\">Transport bariatrique<\/a><\/li>\n\t<li class=\"menu-item menu-item-type-post_type menu-item-object-page menu-item-2417\"><a href=\"https:\/\/www.csopacaest.fr\/?page_id=2409\" class=\"elementor-sub-item\" tabindex=\"-1\">Journ\u00e9e des CSO PACA \/ CERON-PACA<\/a><\/li>\n\t<li class=\"menu-item menu-item-type-post_type menu-item-object-page menu-item-2416\"><a href=\"https:\/\/www.csopacaest.fr\/?page_id=2411\" class=\"elementor-sub-item\" tabindex=\"-1\">Perspectives et Suggestions<\/a><\/li>\n<\/ul>\n<\/li>\n<li class=\"menu-item menu-item-type-custom menu-item-object-custom menu-item-has-children menu-item-2456\"><a href=\"#\" class=\"elementor-item elementor-item-anchor\" tabindex=\"-1\">Adh\u00e9sion<\/a>\n<ul class=\"sub-menu elementor-nav-menu--dropdown\">\n\t<li class=\"menu-item menu-item-type-post_type menu-item-object-page menu-item-2460\"><a href=\"https:\/\/www.csopacaest.fr\/?page_id=2444\" class=\"elementor-sub-item\" tabindex=\"-1\">Charte du CERON<\/a><\/li>\n\t<li class=\"menu-item menu-item-type-post_type menu-item-object-page menu-item-2459\"><a href=\"https:\/\/www.csopacaest.fr\/?page_id=2447\" class=\"elementor-sub-item\" tabindex=\"-1\">Adh\u00e9sion des patients<\/a><\/li>\n\t<li class=\"menu-item menu-item-type-post_type menu-item-object-page menu-item-2458\"><a href=\"https:\/\/www.csopacaest.fr\/?page_id=2450\" class=\"elementor-sub-item\" tabindex=\"-1\">Adh\u00e9sion des professionnels<\/a><\/li>\n\t<li class=\"menu-item menu-item-type-post_type menu-item-object-page menu-item-2457\"><a href=\"https:\/\/www.csopacaest.fr\/?page_id=2453\" class=\"elementor-sub-item\" tabindex=\"-1\">Adh\u00e9sion des institutions<\/a><\/li>\n\t<li class=\"menu-item menu-item-type-post_type menu-item-object-page menu-item-2461\"><a href=\"https:\/\/www.csopacaest.fr\/?page_id=2411\" class=\"elementor-sub-item\" tabindex=\"-1\">Perspectives et Suggestions<\/a><\/li>\n<\/ul>\n<\/li>\n<li class=\"menu-item menu-item-type-custom menu-item-object-custom menu-item-has-children menu-item-2474\"><a href=\"#\" class=\"elementor-item elementor-item-anchor\" tabindex=\"-1\">Documents<\/a>\n<ul class=\"sub-menu elementor-nav-menu--dropdown\">\n\t<li class=\"menu-item menu-item-type-post_type menu-item-object-page menu-item-2478\"><a href=\"https:\/\/www.csopacaest.fr\/?page_id=2462\" class=\"elementor-sub-item\" tabindex=\"-1\">Recommandations HAS sur les Co-Morbidit\u00e9s de l\u2019ob\u00e9sit\u00e9<\/a><\/li>\n\t<li class=\"menu-item menu-item-type-post_type menu-item-object-page menu-item-2477\"><a href=\"https:\/\/www.csopacaest.fr\/?page_id=2465\" class=\"elementor-sub-item\" tabindex=\"-1\">Autres recommandations<\/a><\/li>\n\t<li class=\"menu-item menu-item-type-post_type menu-item-object-page menu-item-2476\"><a href=\"https:\/\/www.csopacaest.fr\/?page_id=2468\" class=\"elementor-sub-item\" tabindex=\"-1\">Recommandations et textes concernant l\u2019Education Th\u00e9rapeutique<\/a><\/li>\n\t<li class=\"menu-item menu-item-type-post_type menu-item-object-page menu-item-2475\"><a href=\"https:\/\/www.csopacaest.fr\/?page_id=2471\" class=\"elementor-sub-item\" tabindex=\"-1\">Recommandations HAS sur l\u2019ob\u00e9sit\u00e9<\/a><\/li>\n<\/ul>\n<\/li>\n<li class=\"menu-item menu-item-type-custom menu-item-object-custom menu-item-has-children menu-item-2495\"><a href=\"#\" class=\"elementor-item elementor-item-anchor\" tabindex=\"-1\">Documents-outils\/<\/br>Ob\u00e9sit\u00e9 adulte<\/a>\n<ul class=\"sub-menu elementor-nav-menu--dropdown\">\n\t<li class=\"menu-item menu-item-type-post_type menu-item-object-page menu-item-2500\"><a href=\"https:\/\/www.csopacaest.fr\/?page_id=2479\" class=\"elementor-sub-item\" tabindex=\"-1\">Ob\u00e9sit\u00e9 de l\u2019adulte<\/a><\/li>\n\t<li class=\"menu-item menu-item-type-post_type menu-item-object-page menu-item-2499\"><a href=\"https:\/\/www.csopacaest.fr\/?page_id=2482\" class=\"elementor-sub-item\" tabindex=\"-1\">Commorbidit\u00e9s<\/a><\/li>\n\t<li class=\"menu-item menu-item-type-post_type menu-item-object-page menu-item-2498\"><a href=\"https:\/\/www.csopacaest.fr\/?page_id=2485\" class=\"elementor-sub-item\" tabindex=\"-1\">Chirurgie bariatrique<\/a><\/li>\n\t<li class=\"menu-item menu-item-type-post_type menu-item-object-page menu-item-3890\"><a href=\"https:\/\/www.csopacaest.fr\/?page_id=3887\" class=\"elementor-sub-item\" tabindex=\"-1\">Ob\u00e9sit\u00e9s syndromiques<\/a><\/li>\n\t<li class=\"menu-item menu-item-type-post_type menu-item-object-page menu-item-3899\"><a href=\"https:\/\/www.csopacaest.fr\/?page_id=3895\" class=\"elementor-sub-item\" tabindex=\"-1\">ETP<\/a><\/li>\n\t<li class=\"menu-item menu-item-type-post_type menu-item-object-page menu-item-3904\"><a href=\"https:\/\/www.csopacaest.fr\/?page_id=3901\" class=\"elementor-sub-item\" tabindex=\"-1\">Autres documents<\/a><\/li>\n<\/ul>\n<\/li>\n<li class=\"menu-item menu-item-type-custom menu-item-object-custom menu-item-has-children menu-item-2519\"><a href=\"#\" class=\"elementor-item elementor-item-anchor\" tabindex=\"-1\">Documents-outils\/<\/br>Surpoids p\u00e9diatrique<\/a>\n<ul class=\"sub-menu elementor-nav-menu--dropdown\">\n\t<li class=\"menu-item menu-item-type-post_type menu-item-object-page menu-item-2522\"><a href=\"https:\/\/www.csopacaest.fr\/?page_id=2508\" class=\"elementor-sub-item\" tabindex=\"-1\">Surpoids de l\u2019enfant\/adolescent<\/a><\/li>\n\t<li class=\"menu-item menu-item-type-post_type menu-item-object-page menu-item-2521\"><a href=\"https:\/\/www.csopacaest.fr\/?page_id=2513\" class=\"elementor-sub-item\" tabindex=\"-1\">Commorbidit\u00e9s<\/a><\/li>\n\t<li class=\"menu-item menu-item-type-post_type menu-item-object-page menu-item-2524\"><a href=\"https:\/\/www.csopacaest.fr\/?page_id=2489\" class=\"elementor-sub-item\" tabindex=\"-1\">Ob\u00e9sit\u00e9s syndromiques<\/a><\/li>\n\t<li class=\"menu-item menu-item-type-post_type menu-item-object-page menu-item-2520\"><a href=\"https:\/\/www.csopacaest.fr\/?page_id=2516\" class=\"elementor-sub-item\" tabindex=\"-1\">ETP<\/a><\/li>\n\t<li class=\"menu-item menu-item-type-post_type menu-item-object-page menu-item-2523\"><a href=\"https:\/\/www.csopacaest.fr\/?page_id=2501\" class=\"elementor-sub-item\" tabindex=\"-1\">Autres documents enfant et adolescent<\/a><\/li>\n<\/ul>\n<\/li>\n<li class=\"menu-item menu-item-type-custom menu-item-object-custom menu-item-has-children menu-item-2525\"><a href=\"#\" class=\"elementor-item elementor-item-anchor\" tabindex=\"-1\">Liens utiles<\/a>\n<ul class=\"sub-menu elementor-nav-menu--dropdown\">\n\t<li class=\"menu-item menu-item-type-post_type menu-item-object-page menu-item-3742\"><a href=\"https:\/\/www.csopacaest.fr\/?page_id=3730\" class=\"elementor-sub-item\" tabindex=\"-1\">Sites utiles<\/a><\/li>\n\t<li class=\"menu-item menu-item-type-post_type menu-item-object-page menu-item-2533\"><a href=\"https:\/\/www.csopacaest.fr\/?page_id=2531\" class=\"elementor-sub-item\" tabindex=\"-1\">Sites des CSO<\/a><\/li>\n\t<li class=\"menu-item menu-item-type-post_type menu-item-object-page menu-item-2535\"><a href=\"https:\/\/www.csopacaest.fr\/?page_id=2352\" class=\"elementor-sub-item\" tabindex=\"-1\">Associations de patients<\/a><\/li>\n<\/ul>\n<\/li>\n<\/ul>\t\t\t<\/nav>\n\t\t\t\t\t\t<\/div>\n\t\t\t\t<\/div>\n\t\t\t\t\t<\/div>\n\t\t<\/div>\n\t\t\t\t\t<\/div>\n\t\t<\/section>\n\t\t\t\t<section class=\"elementor-section elementor-top-section elementor-element elementor-element-55d88adc elementor-section-boxed elementor-section-height-default elementor-section-height-default\" data-id=\"55d88adc\" data-element_type=\"section\" data-e-type=\"section\">\n\t\t\t\t\t\t<div class=\"elementor-container elementor-column-gap-wider\">\n\t\t\t\t\t<div class=\"elementor-column elementor-col-100 elementor-top-column elementor-element elementor-element-7aae50d0\" data-id=\"7aae50d0\" data-element_type=\"column\" data-e-type=\"column\">\n\t\t\t<div class=\"elementor-widget-wrap elementor-element-populated\">\n\t\t\t\t\t\t<div class=\"elementor-element elementor-element-64b45d7 elementor-widget elementor-widget-text-editor\" data-id=\"64b45d7\" data-element_type=\"widget\" data-e-type=\"widget\" data-widget_type=\"text-editor.default\">\n\t\t\t\t<div class=\"elementor-widget-container\">\n\t\t\t\t\t\t\t\t\t<p>La charte du centre d\u00e9finit les engagements des personnes physiques et des personnes morales, notamment des associations, et des \u00e9tablissements de sant\u00e9 intervenant \u00e0 titre professionnel ou b\u00e9n\u00e9vole et adh\u00e9rent au centre ainsi que l&rsquo;engagement du centre par rapport aux institutions partenaires.<\/p><p>Elle d\u00e9finit aussi les engagements r\u00e9ciproques des professionnels de sant\u00e9 et des patients.<\/p>\t\t\t\t\t\t\t\t<\/div>\n\t\t\t\t<\/div>\n\t\t\t\t<div class=\"elementor-element elementor-element-b0346e4 elementor-icon-list--layout-traditional elementor-list-item-link-full_width elementor-widget elementor-widget-icon-list\" data-id=\"b0346e4\" data-element_type=\"widget\" data-e-type=\"widget\" data-widget_type=\"icon-list.default\">\n\t\t\t\t<div class=\"elementor-widget-container\">\n\t\t\t\t\t\t\t<ul class=\"elementor-icon-list-items\">\n\t\t\t\t\t\t\t<li class=\"elementor-icon-list-item\">\n\t\t\t\t\t\t\t\t\t\t\t<a href=\"http:\/\/www.csopacaest.fr\/wp-content\/uploads\/2020\/10\/charte-ceron.pdf\" target=\"_blank\">\n\n\t\t\t\t\t\t\t\t\t\t\t\t<span class=\"elementor-icon-list-icon\">\n\t\t\t\t\t\t\t<i aria-hidden=\"true\" class=\"far fa-file-pdf\"><\/i>\t\t\t\t\t\t<\/span>\n\t\t\t\t\t\t\t\t\t\t<span class=\"elementor-icon-list-text\">La charte du CERON<\/span>\n\t\t\t\t\t\t\t\t\t\t\t<\/a>\n\t\t\t\t\t\t\t\t\t<\/li>\n\t\t\t\t\t\t<\/ul>\n\t\t\t\t\t\t<\/div>\n\t\t\t\t<\/div>\n\t\t\t\t\t<\/div>\n\t\t<\/div>\n\t\t\t\t\t<\/div>\n\t\t<\/section>\n\t\t\t\t<\/div>\n\t\t","protected":false},"excerpt":{"rendered":"<p>La charte du CERON La charte du centre d\u00e9finit les engagements des personnes physiques et des personnes morales, notamment des associations, et des \u00e9tablissements de sant\u00e9 intervenant \u00e0 titre professionnel ou b\u00e9n\u00e9vole et adh\u00e9rent au centre ainsi que l&rsquo;engagement du centre par rapport aux institutions partenaires. Elle d\u00e9finit aussi les engagements r\u00e9ciproques des professionnels de&hellip;<\/p>\n","protected":false},"author":2,"featured_media":0,"parent":416,"menu_order":30,"comment_status":"closed","ping_status":"closed","template":"elementor_header_footer","meta":{"inline_featured_image":false,"footnotes":""},"class_list":["post-2444","page","type-page","status-publish","hentry"],"aioseo_notices":[],"_links":{"self":[{"href":"https:\/\/www.csopacaest.fr\/index.php?rest_route=\/wp\/v2\/pages\/2444","targetHints":{"allow":["GET"]}}],"collection":[{"href":"https:\/\/www.csopacaest.fr\/index.php?rest_route=\/wp\/v2\/pages"}],"about":[{"href":"https:\/\/www.csopacaest.fr\/index.php?rest_route=\/wp\/v2\/types\/page"}],"author":[{"embeddable":true,"href":"https:\/\/www.csopacaest.fr\/index.php?rest_route=\/wp\/v2\/users\/2"}],"replies":[{"embeddable":true,"href":"https:\/\/www.csopacaest.fr\/index.php?rest_route=%2Fwp%2Fv2%2Fcomments&post=2444"}],"version-history":[{"count":6,"href":"https:\/\/www.csopacaest.fr\/index.php?rest_route=\/wp\/v2\/pages\/2444\/revisions"}],"predecessor-version":[{"id":3942,"href":"https:\/\/www.csopacaest.fr\/index.php?rest_route=\/wp\/v2\/pages\/2444\/revisions\/3942"}],"up":[{"embeddable":true,"href":"https:\/\/www.csopacaest.fr\/index.php?rest_route=\/wp\/v2\/pages\/416"}],"wp:attachment":[{"href":"https:\/\/www.csopacaest.fr\/index.php?rest_route=%2Fwp%2Fv2%2Fmedia&parent=2444"}],"curies":[{"name":"wp","href":"https:\/\/api.w.org\/{rel}","templated":true}]}}